{"id":6852,"date":"2017-01-12T17:51:51","date_gmt":"2017-01-12T22:51:51","guid":{"rendered":"http:\/\/ourtrips.rbcorpus.com\/?page_id=6852"},"modified":"2018-04-23T23:24:23","modified_gmt":"2018-04-24T04:24:23","slug":"prague","status":"publish","type":"page","link":"https:\/\/rztrips.info\/index.php\/photo-albums\/europe\/prague\/","title":{"rendered":"Photos: CZE-Prague"},"content":{"rendered":"<div class=\"pageCounter\"><p id=\"page-visit-counter-shortcode-block\" class=\"page-visit-counter-block\" style=\"color: #000000;\">\u0411\u0440\u043e\u0439 \u043f\u043e\u0441\u0435\u0449\u0435\u043d\u0438\u044f:<span id=\"shortcode_6852\" style=\"margin-left: 5px;margin-right: 5px;\" class=\"page_amount_visitor_shortcode\">2735<\/span><\/p><\/div>\n<div class=\"photoAlbumTitle\">\u041f\u0440\u0430\u0433\u0430, \u0427\u0435\u0445\u0438\u044f (Prague, Czechia)<\/div>\n<div class=\"photoAlbumDate\">\u0421\u0435\u043f\u0442\u0435\u043c\u0432\u0440\u0438 2015 (September 2015)<\/div>\n<div class=\"container\">\n<div class=\"daytrip_RouteContainer\">\n<div class=\"route_Text\">\n<ul>\n<li>\u041a\u0430\u0440\u043b\u043e\u0432\u0438\u044f\u0442 \u043c\u043e\u0441\u0442 (Karl\u016fv most)<\/li>\n<li>\u041f\u043b\u043e\u0449\u0430\u0434 \u0412\u0430\u0446\u043b\u0430\u0432\u0441\u043a\u0438 (V\u00e1clavsk\u00e9 n\u00e1m\u011bst\u00ed)<\/li>\n<li>\u041d\u0430\u0446\u0438\u043e\u043d\u0430\u043b\u043d\u0438\u044f\u0442 \u043c\u0443\u0437\u0435\u0439 (N\u00e1rodn\u00ed muzeum)<\/li>\n<li>\u041a\u0440\u044a\u0447\u043c\u0430\u0442\u0430 \u043d\u0430 \u0428\u0432\u0435\u0439\u043a U Kalicha<\/li>\n<li>\u0412\u0438\u0448\u0435\u0445\u0440\u0430\u0434 (Vy\u0161ehrad)<\/li>\n<li>\u0422\u0430\u043d\u0446\u0443\u0432\u0430\u0449\u0430\u0442\u0430 \u043a\u044a\u0449\u0430 (Tan\u010d\u00edc\u00ed d\u016fm)<\/li>\n<li>\u0426\u044a\u0440\u043a\u0432\u0430\u0442\u0430 \u201e\u0421\u0432.\u0421\u0432. \u041a\u0438\u0440\u0438\u043b \u0438 \u041c\u0435\u0442\u043e\u0434\u0438\u0439\u201c (Chr\u00e1m svat\u00fdch Cyrila a Metod\u011bje)<\/li>\n<li>\u041f\u043b\u043e\u0449\u0430\u0434 \u041a\u0430\u0440\u043b\u043e\u0432\u043e \u043d\u0430\u043c\u0435\u0441\u0442\u0438 (Karlovo n\u00e1m\u011bst\u00ed)<\/li>\n<li>\u041d\u0430\u0440\u043e\u0434\u043d\u0438\u044f\u0442 \u0442\u0435\u0430\u0442\u044a\u0440 (N\u00e1rodn\u00ed divadlo)<\/li>\n<li>\u041a\u043e\u043c\u043f\u043b\u0435\u043a\u0441\u044a\u0442 \u041a\u043b\u0435\u043c\u0435\u043d\u0442\u0438\u043d\u0443\u043c (Klementinum)<\/li>\n<li>\u041f\u0440\u0430\u0436\u043a\u0438\u044f\u0442 \u0430\u0441\u0442\u0440\u043e\u043d\u043e\u043c\u0438\u0447\u0435\u0441\u043a\u0438 \u0447\u0430\u0441\u043e\u0432\u043d\u0438\u043a (Pra\u017esk\u00fd orloj)<\/li>\n<li>\u041f\u043b\u043e\u0449\u0430\u0434 \u0421\u0442\u0430\u0440\u043e\u043c\u0435\u0441\u0442\u043a\u0435 \u043d\u0430\u043c\u0435\u0441\u0442\u0438 (Starom\u011bstsk\u00e9 n\u00e1m\u011bst\u00ed)<\/li>\n<li>\u0411\u0430\u0440\u0443\u0442\u043d\u0430\u0442\u0430 \u043f\u043e\u0440\u0442\u0430 (Pra\u0161n\u00e1 br\u00e1na)<\/li>\n<li>\u041e\u0431\u0449\u0438\u043d\u0441\u043a\u0438\u044f \u0434\u043e\u043c (Obecn\u00ed d\u016fm)<\/li>\n<li>\u0426\u044a\u0440\u043a\u0432\u0430\u0442\u0430 \u0421\u0432. \u041a\u0430\u0441\u0442\u0443\u043b (Kostel sv. Ha\u0161tala)<\/li>\n<li>\u041f\u0430\u043c\u0435\u0442\u043d\u0438\u043a\u044a\u0442 \u043d\u0430 \u0424\u0440\u0430\u043d\u0446 \u041a\u0430\u0444\u043a\u0430 (Socha Franze Kafky)<\/li>\n<li>\u0415\u0432\u0440\u0435\u0439\u0441\u043a\u0438\u044f \u043a\u0432\u0430\u0440\u0442\u0430\u043b \u0419\u043e\u0437\u0435\u0444\u043e\u0432 (Josefov)<\/li>\n<li>\u041f\u0440\u0430\u0436\u043a\u0438\u044f\u0442 \u0437\u0430\u043c\u044a\u043a (Pra\u017esk\u00fd hrad)<\/li>\n<li>\u041a\u0430\u0442\u0435\u0434\u0440\u0430\u043b\u0430\u0442\u0430 \u0421\u0432. \u0412\u0438\u0442 (Katedr\u00e1la svat\u00e9ho V\u00edta)<\/li>\n<li>\u041a\u0440\u0430\u043b\u0441\u043a\u0438\u044f\u0442 \u043f\u0430\u0440\u043a (Kr\u00e1lovsk\u00e1 zahrada)<\/li>\n<li>\u0429\u0435\u0440\u043d\u0431\u0435\u0440\u0433\u0441\u043a\u0438\u044f \u0434\u0432\u043e\u0440\u0435\u0446 (\u0160ternbersk\u00fd pal\u00e1c)<\/li>\n<li>\u0426\u044a\u0440\u043a\u0432\u0430\u0442\u0430 \u0421\u0432. \u041d\u0438\u043a\u043e\u043b\u0430\u0439 (Kostel svat\u00e9ho Mikul\u00e1\u0161e)<\/li>\n<li>\u041f\u043b\u043e\u0449\u0430\u0434 \u041c\u0430\u043b\u043e\u0441\u0442\u0440\u0430\u043d\u0441\u043a\u0435 \u043d\u0430\u043c\u0435\u0441\u0442\u0438 (Malostransk\u00e9 n\u00e1m\u011bst\u00ed)<\/li>\n<li>\u041f\u043b\u043e\u0449\u0430\u0434 \u041c\u0430\u043b\u0442\u0438\u0439\u0441\u043a\u0438 (Malt\u00e9zsk\u00e9 n\u00e1m\u011bst\u00ed)<\/li>\n<li>\u041c\u0430\u043d\u0430\u0441\u0442\u0438\u0440 \u0421\u0442\u0440\u0430\u0445\u043e\u0432 (Strahovsk\u00fd kl\u00e1\u0161ter)<\/li>\n<li>\u041b\u043e\u0440\u0435\u0442\u0430 (Loret\u00e1nsk\u00e9 n\u00e1m\u011bst\u00ed)<\/li>\n<li>\u0425\u0430\u043d\u0430\u0432\u0441\u043a\u0438 \u043f\u0430\u0432\u0438\u043b\u0438\u043e\u043d (Hanavsk\u00fd pavilion)<\/li>\n<li>\u0427\u0435\u0448\u043a\u0430\u0442\u0430 \u0444\u0438\u043b\u0445\u0430\u0440\u043c\u043e\u043d\u0438\u044f \u0420\u0443\u0434\u043e\u043b\u0444\u0438\u043d\u0443\u043c (Rudolfinum)<\/li>\n<\/ul><\/div>\n<\/p><\/div>\n<div class=\"daytrip_SliderContainer\">\n<div class=\"map_container\">\n            \n            \n            \n            <a name='map48'><\/a>\n            \n            \n            \n            \n\n            <div class=\"wpgmza_map\" id=\"wpgmza_map_48\" style=\"display:block; overflow:auto; width:600px; height:540px; float:left;\"> <\/div>\n            \n            \n            \n\n<div style=\"display:block; width:100%;\">\n\t\n\t\n\t\t\t<div id=\"wpgmaps_directions_edit_48\" style=\"display:none; width:100%; clear:both;\" class=\"wpgmaps_directions_outer_div\">\n\t\t\t\t<h2>Get Directions<\/h2>\n\t\t\t\t<div id=\"wpgmaps_directions_editbox_48\">\n\t\t\t\t\t<table>\n\t\t\t\t\t\t<tr>\n\t\t\t\t\t\t\t<td>\n\t\t\t\t\t\t\t\t<label for=\"wpgmza_dir_type_48\">For<\/label>\n\t\t\t\t\t\t\t<\/td>\n\t\t\t\t\t\t\t<td>\n\t\t\t\t\t\t\t\t<select id=\"wpgmza_dir_type_48\" name=\"wpgmza_dir_type_48\">\n\t\t\t\t\t\t\t\t\t<option value=\"DRIVING\" selected=\"selected\">Driving<\/option>\n\t\t\t\t\t\t\t\t\t<option value=\"WALKING\">Walking<\/option>\n\t\t\t\t\t\t\t\t\t<option value=\"TRANSIT\">Transit<\/option>\n\t\t\t\t\t\t\t\t\t<option value=\"BICYCLING\">Bicycling<\/option>\n\t\t\t\t\t\t\t\t<\/select>\n\t\t\t\t\t\t\t\t&nbsp;\n\t\t\t\t\t\t\t\t<a href=\"javascript:void(0);\" mapid=\"48\" id=\"wpgmza_show_options_48\" onclick=\"wpgmza_show_options(48);\" style=\"font-size:10px;\">show options<\/a>\n\t\t\t\t\t\t\t\t<a href=\"javascript:void(0);\" mapid=\"48\" id=\"wpgmza_hide_options_48\" onclick=\"wpgmza_hide_options(48);\" style=\"font-size:10px; display:none;\">hide options<\/a>\n\t\t\t\t\t\t\t\t<div style=\"display:none\" id=\"wpgmza_options_box_48\">\n\t\t\t\t\t\t\t\t\t<input type=\"checkbox\" id=\"wpgmza_tolls_48\" name=\"wpgmza_tolls_48\" value=\"tolls\" \/> <label for=\"wpgmza_tolls_48\">Avoid Tolls<\/label><br \/>\n\t\t\t\t\t\t\t\t\t<input type=\"checkbox\" id=\"wpgmza_highways_48\" name=\"wpgmza_highways_48\" value=\"highways\" \/> <label for=\"wpgmza_highways_48\">Avoid Highways<\/label><br \/>\n\t\t\t\t\t\t\t\t\t<input type=\"checkbox\" id=\"wpgmza_ferries_48\" name=\"wpgmza_ferries_48\" value=\"ferries\" \/> <label for=\"wpgmza_ferries_48\">Avoid Ferries<\/label>\n\t\t\t\t\t\t\t\t<\/div>\n\t\t\t\t\t\t\t<\/td>\n\t\t\t\t\t\t<\/tr>\n\t\t\t\t\t\t<tr class='wpgmaps_from_row'>\n\t\t\t\t\t\t\t<td class='wpgmaps_from_td1'>\n\t\t\t\t\t\t\t\t<label for=\"wpgmza_input_from_48\">From<\/label>\n\t\t\t\t\t\t\t<\/td>\n\t\t\t\t\t\t\t<td width='90%' class='wpgmaps_from_td2'>\n\t\t\t\t\t\t\t\t<input type=\"text\" value=\"\" id=\"wpgmza_input_from_48\" style='width:80%' \/> \n\t\t\t\t\t\t\t<\/td>\n\t\t\t\t\t\t<\/tr>\n\t\t\t\t\t\t<tr class='wpgmaps_to_row'>\n\t\t\t\t\t\t\t<td class='wpgmaps_to_td1'>\n\t\t\t\t\t\t\t\t<label for=\"wpgmza_input_to_48\">To<\/label>\n\t\t\t\t\t\t\t<\/td>\n\t\t\t\t\t\t\t<td width='90%' class='wpgmaps_to_td2'>\n\t\t\t\t\t\t\t\t<input type=\"text\" value=\"\" id=\"wpgmza_input_to_48\" style='width:80%' \/> \n\t\t\t\t\t\t\t<\/td>\n\t\t\t\t\t\t<\/tr>\n\t\t\t\t\t\t\n\t\t\t\t\t\t<tr>\n\t\t\t\t\t\t\t<td>\n\t\t\t\t\t\t\t<\/td>\n\t\t\t\t\t\t\t<td>\n\t\t\t\t\t\t\t\t<input onclick=\"javascript:void(0);\" class=\"wpgmaps_get_directions \" id=\"48\" type=\"button\" value=\"Go\"\/>\n\t\t\t\t\t\t\t<\/td>\n\t\t\t\t\t\t<\/tr>\n\t\t\t\t\t<\/table>\n\t\t\t\t<\/div>\n\t\t\t<\/div>\n\n\t    \n\t\n\t<div id=\"wpgmaps_directions_notification_48\" style=\"display:none;\">Fetching directions......<\/div>\n\t\n\t<div id=\"wpgmaps_directions_reset_48\" style=\"display:none;\">\n\t\t<a href='javascript:void(0)' onclick='wpgmza_reset_directions(48);' id='wpgmaps_reset_directions' title='Reset directions'>Reset directions<\/a>\n\t\t<br \/>\n\t\t<a href='' id='wpgmaps_print_directions_48' title='Print directions'>Print directions<\/a>\n\t<\/div>\n\t\n\t<div id=\"directions_panel_48\"><\/div>\n\n<\/div>\n\n        <\/div>\n<\/p><\/div>\n<\/div>\n<div class=\"dayTripHeader\"> <\/div>\n<div class=\"photoAlbumHeader\">\n  <style type=\"text\/css\">.foogallery-album-gallery-list .foogallery-pile h3 { background: #fff !important; }.foogallery-album-gallery-list .foogallery-pile h3 { color: #000000 !important; }<\/style><div id=\"foogallery-album-6850\">\n\t<ul class=\"foogallery-album-gallery-list alignment-left\">\n\t\t\t\t\t\t<li>\n\t\t\t\t\t<div class=\"foogallery-pile\">\n\t\t\t\t\t\t<div class=\"foogallery-pile-inner\">\n\t\t\t\t\t\t\t<a href=\"https:\/\/rztrips.info\/index.php\/photo-albums\/europe\/prague\/gallery\/prague-staremesto\" target=\"_self\">\n\t\t\t\t\t\t\t\t<img  src=\"https:\/\/rztrips.info\/wp-content\/uploads\/cache\/2017\/01\/CZE-Prague-StaromestskeNamesti-005\/2821383259.jpg\" width=\"294\" height=\"196\" class=\"skip-lazy\" \/>\t\t\t\t\t\t\t\t\t\t\t\t\t\t\t\t<h3>\u041a\u0430\u0440\u043b\u043e\u0432 \u043c\u043e\u0441\u0442, \u0421\u0442\u0430\u0440\u0435 \u043c\u0435\u0441\u0442\u043e, \u0419\u043e\u0437\u0435\u0444\u043e\u0432 (Karl\u016fv most, Star\u00e9 M\u011bsto, Josefov)\t\t\t\t\t\t\t\t\t<span>144 images<\/span>\n\t\t\t\t\t\t\t\t<\/h3>\n\t\t\t\t\t\t\t<\/a>\n\t\t\t\t\t\t<\/div>\n\t\t\t\t\t<\/div>\n\t\t\t\t<\/li>\n\t\t\t\t\t\t\t\t\t<li>\n\t\t\t\t\t<div class=\"foogallery-pile\">\n\t\t\t\t\t\t<div class=\"foogallery-pile-inner\">\n\t\t\t\t\t\t\t<a href=\"https:\/\/rztrips.info\/index.php\/photo-albums\/europe\/prague\/gallery\/prague-malastrana\" target=\"_self\">\n\t\t\t\t\t\t\t\t<img  src=\"https:\/\/rztrips.info\/wp-content\/uploads\/cache\/2017\/01\/CZE-Prague-MalaStrana-001\/2863569011.jpg\" width=\"294\" height=\"196\" class=\"skip-lazy\" \/>\t\t\t\t\t\t\t\t\t\t\t\t\t\t\t\t<h3>\u041c\u0430\u043b\u0430 \u0441\u0442\u0440\u0430\u043d\u0430, \u0425\u0440\u0430\u0434\u0447\u0430\u043d\u0438 (Mal\u00e1 Strana, Hrad\u010dany)\t\t\t\t\t\t\t\t\t<span>148 images<\/span>\n\t\t\t\t\t\t\t\t<\/h3>\n\t\t\t\t\t\t\t<\/a>\n\t\t\t\t\t\t<\/div>\n\t\t\t\t\t<\/div>\n\t\t\t\t<\/li>\n\t\t\t\t\t\t\t\t\t<li>\n\t\t\t\t\t<div class=\"foogallery-pile\">\n\t\t\t\t\t\t<div class=\"foogallery-pile-inner\">\n\t\t\t\t\t\t\t<a href=\"https:\/\/rztrips.info\/index.php\/photo-albums\/europe\/prague\/gallery\/prague-castle\" target=\"_self\">\n\t\t\t\t\t\t\t\t<img  src=\"https:\/\/rztrips.info\/wp-content\/uploads\/cache\/2017\/01\/CZE-Prague-PrazkyHrad-001\/2141043436.jpg\" width=\"294\" height=\"196\" class=\"skip-lazy\" \/>\t\t\t\t\t\t\t\t\t\t\t\t\t\t\t\t<h3>\u041f\u0440\u0430\u0436\u043a\u0438\u044f\u0442 \u0437\u0430\u043c\u044a\u043a (Prague Castle)\t\t\t\t\t\t\t\t\t<span>69 images<\/span>\n\t\t\t\t\t\t\t\t<\/h3>\n\t\t\t\t\t\t\t<\/a>\n\t\t\t\t\t\t<\/div>\n\t\t\t\t\t<\/div>\n\t\t\t\t<\/li>\n\t\t\t\t\t\t\t\t\t<li>\n\t\t\t\t\t<div class=\"foogallery-pile\">\n\t\t\t\t\t\t<div class=\"foogallery-pile-inner\">\n\t\t\t\t\t\t\t<a href=\"https:\/\/rztrips.info\/index.php\/photo-albums\/europe\/prague\/gallery\/prague-vltavariver\" target=\"_self\">\n\t\t\t\t\t\t\t\t<img  src=\"https:\/\/rztrips.info\/wp-content\/uploads\/cache\/2017\/01\/CZE-Prague-Vltava-028\/620665327.jpg\" width=\"294\" height=\"196\" class=\"skip-lazy\" \/>\t\t\t\t\t\t\t\t\t\t\t\t\t\t\t\t<h3>\u0420\u0435\u043a\u0430 \u0412\u044a\u043b\u0442\u0430\u0432\u0430 (Vltava River)\t\t\t\t\t\t\t\t\t<span>50 images<\/span>\n\t\t\t\t\t\t\t\t<\/h3>\n\t\t\t\t\t\t\t<\/a>\n\t\t\t\t\t\t<\/div>\n\t\t\t\t\t<\/div>\n\t\t\t\t<\/li>\n\t\t\t\t\t\t\t\t\t<li>\n\t\t\t\t\t<div class=\"foogallery-pile\">\n\t\t\t\t\t\t<div class=\"foogallery-pile-inner\">\n\t\t\t\t\t\t\t<a href=\"https:\/\/rztrips.info\/index.php\/photo-albums\/europe\/prague\/gallery\/prague-novemesto\" target=\"_self\">\n\t\t\t\t\t\t\t\t<img  src=\"https:\/\/rztrips.info\/wp-content\/uploads\/cache\/2017\/01\/CZE-Prague-NoveMesto-001\/3262501005.jpg\" width=\"294\" height=\"196\" class=\"skip-lazy\" \/>\t\t\t\t\t\t\t\t\t\t\t\t\t\t\t\t<h3>\u041d\u043e\u0432\u0435 \u041c\u0435\u0441\u0442\u043e, \u0412\u0438\u0448\u0435\u0445\u0440\u0430\u0434 (Nov\u00e9 Mesto, Vy\u0161ehrad)\t\t\t\t\t\t\t\t\t<span>39 images<\/span>\n\t\t\t\t\t\t\t\t<\/h3>\n\t\t\t\t\t\t\t<\/a>\n\t\t\t\t\t\t<\/div>\n\t\t\t\t\t<\/div>\n\t\t\t\t<\/li>\n\t\t\t\t\t\t\t\t\t<li>\n\t\t\t\t\t<div class=\"foogallery-pile\">\n\t\t\t\t\t\t<div class=\"foogallery-pile-inner\">\n\t\t\t\t\t\t\t<a href=\"https:\/\/rztrips.info\/index.php\/photo-albums\/europe\/prague\/gallery\/prague-panoramas\" target=\"_self\">\n\t\t\t\t\t\t\t\t<img  src=\"https:\/\/rztrips.info\/wp-content\/uploads\/cache\/2017\/01\/CZE-Prague-Panorama-004\/3474536467.jpg\" width=\"294\" height=\"196\" class=\"skip-lazy\" \/>\t\t\t\t\t\t\t\t\t\t\t\t\t\t\t\t<h3>\u041f\u0430\u043d\u043e\u0440\u0430\u043c\u043d\u0438 \u0441\u043d\u0438\u043c\u043a\u0438 (Panoramic Views)\t\t\t\t\t\t\t\t\t<span>42 images<\/span>\n\t\t\t\t\t\t\t\t<\/h3>\n\t\t\t\t\t\t\t<\/a>\n\t\t\t\t\t\t<\/div>\n\t\t\t\t\t<\/div>\n\t\t\t\t<\/li>\n\t\t\t\t\t\t<\/ul>\n\t<div style=\"clear: both;\"><\/div>\n<\/div>\n\n<\/div>\n","protected":false},"excerpt":{"rendered":"<p>\u041f\u0440\u0430\u0433\u0430, \u0427\u0435\u0445\u0438\u044f (Prague, Czechia) \u0421\u0435\u043f\u0442\u0435\u043c\u0432\u0440\u0438 2015 (September 2015) \u041a\u0430\u0440\u043b\u043e\u0432\u0438\u044f\u0442 \u043c\u043e\u0441\u0442 (Karl\u016fv most) \u041f\u043b\u043e\u0449\u0430\u0434 \u0412\u0430\u0446\u043b\u0430\u0432\u0441\u043a\u0438 (V\u00e1clavsk\u00e9 n\u00e1m\u011bst\u00ed) \u041d\u0430\u0446\u0438\u043e\u043d\u0430\u043b\u043d\u0438\u044f\u0442 \u043c\u0443\u0437\u0435\u0439 (N\u00e1rodn\u00ed muzeum) \u041a\u0440\u044a\u0447\u043c\u0430\u0442\u0430 \u043d\u0430 \u0428\u0432\u0435\u0439\u043a U Kalicha&#8230;<\/p>\n<p><a class='more-link' href='https:\/\/rztrips.info\/index.php\/photo-albums\/europe\/prague\/'>Continue reading <span class='screen-reader-text'>Photos: CZE-Prague<\/span><\/a><\/p>","protected":false},"author":1,"featured_media":0,"parent":654,"menu_order":7,"comment_status":"open","ping_status":"closed","template":"","meta":[],"_links":{"self":[{"href":"https:\/\/rztrips.info\/index.php\/wp-json\/wp\/v2\/pages\/6852"}],"collection":[{"href":"https:\/\/rztrips.info\/index.php\/wp-json\/wp\/v2\/pages"}],"about":[{"href":"https:\/\/rztrips.info\/index.php\/wp-json\/wp\/v2\/types\/page"}],"author":[{"embeddable":true,"href":"https:\/\/rztrips.info\/index.php\/wp-json\/wp\/v2\/users\/1"}],"replies":[{"embeddable":true,"href":"https:\/\/rztrips.info\/index.php\/wp-json\/wp\/v2\/comments?post=6852"}],"version-history":[{"count":20,"href":"https:\/\/rztrips.info\/index.php\/wp-json\/wp\/v2\/pages\/6852\/revisions"}],"predecessor-version":[{"id":26091,"href":"https:\/\/rztrips.info\/index.php\/wp-json\/wp\/v2\/pages\/6852\/revisions\/26091"}],"up":[{"embeddable":true,"href":"https:\/\/rztrips.info\/index.php\/wp-json\/wp\/v2\/pages\/654"}],"wp:attachment":[{"href":"https:\/\/rztrips.info\/index.php\/wp-json\/wp\/v2\/media?parent=6852"}],"curies":[{"name":"wp","href":"https:\/\/api.w.org\/{rel}","templated":true}]}}