{"id":39603,"date":"2025-07-29T13:41:57","date_gmt":"2025-07-29T18:41:57","guid":{"rendered":"https:\/\/rztrips.info\/?page_id=39603"},"modified":"2025-08-12T11:02:26","modified_gmt":"2025-08-12T16:02:26","slug":"arequipa","status":"publish","type":"page","link":"https:\/\/rztrips.info\/index.php\/photo-albums\/peru\/arequipa\/","title":{"rendered":"Photos: PER-Arequipa"},"content":{"rendered":"<div class=\"pageCounter\"><p id=\"page-visit-counter-shortcode-block\" class=\"page-visit-counter-block\" style=\"color: #000000;\">\u0411\u0440\u043e\u0439 \u043f\u043e\u0441\u0435\u0449\u0435\u043d\u0438\u044f:<span id=\"shortcode_39603\" style=\"margin-left: 5px;margin-right: 5px;\" class=\"page_amount_visitor_shortcode\">362<\/span><\/p><\/div>\n<div class=\"photoAlbumTitle\">\u0410\u0440\u0435\u043a\u0438\u043f\u0430, \u041f\u0435\u0440\u0443 (Arequipa, Peru)<\/div>\n<div class=\"photoAlbumDate\">\u041c\u0430\u0439 2025 (May 2025)<\/div>\n<div class=\"container\">\n<div class=\"daytrip_RouteContainer\">\n<div class=\"route_Text\">\n<ul>\n<li>\u041f\u043b\u043e\u0449\u0430\u0434 \u0438 \u043e\u0431\u0437\u043e\u0440\u043d\u0430 \u043f\u043b\u043e\u0449\u0430\u0434\u043a\u0430 &#8220;\u042f\u043d\u0430\u0445\u0443\u0430\u0440\u0430&#8221; (Plaza Yanahuara y Mirador de Yanahuara)<\/li>\n<li>\u0425\u0440\u0430\u043c \u043d\u0430 \u043e\u0431\u0449\u0435\u0441\u0442\u0432\u043e\u0442\u043e \u043d\u0430 \u0418\u0441\u0443\u0441 (Templo La Compa\u00f1\u00eda de Jes\u00fas Arequipa)<\/li>\n<li>\u041c\u0430\u043d\u0430\u0441\u0442\u0438\u0440 \u0421\u0430\u043d\u0442\u0430 \u041a\u0430\u0442\u0430\u043b\u0438\u043d\u0430 \u0434\u0435 \u0421\u0438\u0435\u043d\u0430 (Monasterio de Santa Catalina de Siena)<\/li>\n<li>\u041f\u043b\u0430\u0437\u0430 \u0434\u0435 \u0410\u0440\u043c\u0430\u0441 (Plaza de Armas)<\/li>\n<li>\u0411\u0430\u0437\u0438\u043b\u0438\u043a\u0430 \u041a\u0430\u0442\u0435\u0434\u0440\u0430\u043b\u0430 \u043d\u0430 \u0410\u0440\u0435\u043a\u0438\u043f\u0430 (Basilica Catedral de Arequipa)<\/li>\n<li>\u0420\u0435\u0441\u0442\u043e\u0440\u0430\u043d\u0442 \u0427\u0438\u0447\u0430 \u043e\u0442 \u0413\u0430\u0441\u0442\u043e\u043d \u0410\u043a\u0443\u0440\u0438\u043e (Chicha por Gaston Acurio)<\/li>\n<\/ul><\/div>\n<\/p><\/div>\n<div class=\"daytrip_SliderContainer\">\n<div class=\"map_container\">\n            \n            \n            \n            <a name='map202'><\/a>\n            \n            \n            \n            \n\n            <div class=\"wpgmza_map\" id=\"wpgmza_map_202\" style=\"display:block; overflow:auto; width:570px; height:330px; float:left;\"> <\/div>\n            \n            \n            \n\n<div style=\"display:block; width:100%;\">\n\t\n\t\n\t\t\t<div id=\"wpgmaps_directions_edit_202\" style=\"display:none; width:100%; clear:both;\" class=\"wpgmaps_directions_outer_div\">\n\t\t\t\t<h2>Get Directions<\/h2>\n\t\t\t\t<div id=\"wpgmaps_directions_editbox_202\">\n\t\t\t\t\t<table>\n\t\t\t\t\t\t<tr>\n\t\t\t\t\t\t\t<td>\n\t\t\t\t\t\t\t\t<label for=\"wpgmza_dir_type_202\">For<\/label>\n\t\t\t\t\t\t\t<\/td>\n\t\t\t\t\t\t\t<td>\n\t\t\t\t\t\t\t\t<select id=\"wpgmza_dir_type_202\" name=\"wpgmza_dir_type_202\">\n\t\t\t\t\t\t\t\t\t<option value=\"DRIVING\" selected=\"selected\">Driving<\/option>\n\t\t\t\t\t\t\t\t\t<option value=\"WALKING\">Walking<\/option>\n\t\t\t\t\t\t\t\t\t<option value=\"TRANSIT\">Transit<\/option>\n\t\t\t\t\t\t\t\t\t<option value=\"BICYCLING\">Bicycling<\/option>\n\t\t\t\t\t\t\t\t<\/select>\n\t\t\t\t\t\t\t\t&nbsp;\n\t\t\t\t\t\t\t\t<a href=\"javascript:void(0);\" mapid=\"202\" id=\"wpgmza_show_options_202\" onclick=\"wpgmza_show_options(202);\" style=\"font-size:10px;\">show options<\/a>\n\t\t\t\t\t\t\t\t<a href=\"javascript:void(0);\" mapid=\"202\" id=\"wpgmza_hide_options_202\" onclick=\"wpgmza_hide_options(202);\" style=\"font-size:10px; display:none;\">hide options<\/a>\n\t\t\t\t\t\t\t\t<div style=\"display:none\" id=\"wpgmza_options_box_202\">\n\t\t\t\t\t\t\t\t\t<input type=\"checkbox\" id=\"wpgmza_tolls_202\" name=\"wpgmza_tolls_202\" value=\"tolls\" \/> <label for=\"wpgmza_tolls_202\">Avoid Tolls<\/label><br \/>\n\t\t\t\t\t\t\t\t\t<input type=\"checkbox\" id=\"wpgmza_highways_202\" name=\"wpgmza_highways_202\" value=\"highways\" \/> <label for=\"wpgmza_highways_202\">Avoid Highways<\/label><br \/>\n\t\t\t\t\t\t\t\t\t<input type=\"checkbox\" id=\"wpgmza_ferries_202\" name=\"wpgmza_ferries_202\" value=\"ferries\" \/> <label for=\"wpgmza_ferries_202\">Avoid Ferries<\/label>\n\t\t\t\t\t\t\t\t<\/div>\n\t\t\t\t\t\t\t<\/td>\n\t\t\t\t\t\t<\/tr>\n\t\t\t\t\t\t<tr class='wpgmaps_from_row'>\n\t\t\t\t\t\t\t<td class='wpgmaps_from_td1'>\n\t\t\t\t\t\t\t\t<label for=\"wpgmza_input_from_202\">From<\/label>\n\t\t\t\t\t\t\t<\/td>\n\t\t\t\t\t\t\t<td width='90%' class='wpgmaps_from_td2'>\n\t\t\t\t\t\t\t\t<input type=\"text\" value=\"\" id=\"wpgmza_input_from_202\" style='width:80%' \/> \n\t\t\t\t\t\t\t<\/td>\n\t\t\t\t\t\t<\/tr>\n\t\t\t\t\t\t<tr class='wpgmaps_to_row'>\n\t\t\t\t\t\t\t<td class='wpgmaps_to_td1'>\n\t\t\t\t\t\t\t\t<label for=\"wpgmza_input_to_202\">To<\/label>\n\t\t\t\t\t\t\t<\/td>\n\t\t\t\t\t\t\t<td width='90%' class='wpgmaps_to_td2'>\n\t\t\t\t\t\t\t\t<input type=\"text\" value=\"\" id=\"wpgmza_input_to_202\" style='width:80%' \/> \n\t\t\t\t\t\t\t<\/td>\n\t\t\t\t\t\t<\/tr>\n\t\t\t\t\t\t\n\t\t\t\t\t\t<tr>\n\t\t\t\t\t\t\t<td>\n\t\t\t\t\t\t\t<\/td>\n\t\t\t\t\t\t\t<td>\n\t\t\t\t\t\t\t\t<input onclick=\"javascript:void(0);\" class=\"wpgmaps_get_directions \" id=\"202\" type=\"button\" value=\"Go\"\/>\n\t\t\t\t\t\t\t<\/td>\n\t\t\t\t\t\t<\/tr>\n\t\t\t\t\t<\/table>\n\t\t\t\t<\/div>\n\t\t\t<\/div>\n\n\t    \n\t\n\t<div id=\"wpgmaps_directions_notification_202\" style=\"display:none;\">Fetching directions......<\/div>\n\t\n\t<div id=\"wpgmaps_directions_reset_202\" style=\"display:none;\">\n\t\t<a href='javascript:void(0)' onclick='wpgmza_reset_directions(202);' id='wpgmaps_reset_directions' title='Reset directions'>Reset directions<\/a>\n\t\t<br \/>\n\t\t<a href='' id='wpgmaps_print_directions_202' title='Print directions'>Print directions<\/a>\n\t<\/div>\n\t\n\t<div id=\"directions_panel_202\"><\/div>\n\n<\/div>\n\n        <\/div>\n<\/p><\/div>\n<\/div>\n<div class=\"photoAlbumHeader\"> <\/div>\n<div class=\"photoAlbumHeader\">\n  <style type=\"text\/css\">.foogallery-album-gallery-list .foogallery-pile h3 { background: #fff !important; }.foogallery-album-gallery-list .foogallery-pile h3 { color: #000000 !important; }<\/style><div id=\"foogallery-album-39602\">\n\t<ul class=\"foogallery-album-gallery-list alignment-left\">\n\t\t\t\t\t\t<li>\n\t\t\t\t\t<div class=\"foogallery-pile\">\n\t\t\t\t\t\t<div class=\"foogallery-pile-inner\">\n\t\t\t\t\t\t\t<a href=\"https:\/\/rztrips.info\/index.php\/photo-albums\/peru\/arequipa\/gallery\/arequipa\" target=\"_self\">\n\t\t\t\t\t\t\t\t<img  src=\"https:\/\/rztrips.info\/wp-content\/uploads\/cache\/2025\/07\/PER-Arequipa-City-3142\/2657075542.jpg\" width=\"294\" height=\"196\" class=\"skip-lazy\" \/>\t\t\t\t\t\t\t\t\t\t\t\t\t\t\t\t<h3>\u0410\u0440\u0435\u043a\u0438\u043f\u0430 (Arequipa)\t\t\t\t\t\t\t\t\t<span>31 images<\/span>\n\t\t\t\t\t\t\t\t<\/h3>\n\t\t\t\t\t\t\t<\/a>\n\t\t\t\t\t\t<\/div>\n\t\t\t\t\t<\/div>\n\t\t\t\t<\/li>\n\t\t\t\t\t\t\t\t\t<li>\n\t\t\t\t\t<div class=\"foogallery-pile\">\n\t\t\t\t\t\t<div class=\"foogallery-pile-inner\">\n\t\t\t\t\t\t\t<a href=\"https:\/\/rztrips.info\/index.php\/photo-albums\/peru\/arequipa\/gallery\/church-of-the-society-of-jesus\" target=\"_self\">\n\t\t\t\t\t\t\t\t<img  src=\"https:\/\/rztrips.info\/wp-content\/uploads\/cache\/2025\/07\/PER-Arequipa-JesuitTemple-3174\/212881152.jpg\" width=\"294\" height=\"196\" class=\"skip-lazy\" \/>\t\t\t\t\t\t\t\t\t\t\t\t\t\t\t\t<h3>\u0426\u044a\u0440\u043a\u0432\u0430\u0442\u0430 \u043d\u0430 \u0439\u0435\u0437\u0443\u0438\u0442\u0438\u0442\u0435 (Church of the Society of Jesus)\t\t\t\t\t\t\t\t\t<span>15 images<\/span>\n\t\t\t\t\t\t\t\t<\/h3>\n\t\t\t\t\t\t\t<\/a>\n\t\t\t\t\t\t<\/div>\n\t\t\t\t\t<\/div>\n\t\t\t\t<\/li>\n\t\t\t\t\t\t\t\t\t<li>\n\t\t\t\t\t<div class=\"foogallery-pile\">\n\t\t\t\t\t\t<div class=\"foogallery-pile-inner\">\n\t\t\t\t\t\t\t<a href=\"https:\/\/rztrips.info\/index.php\/photo-albums\/peru\/arequipa\/gallery\/monastery-of-santa-catalina-de-siena\" target=\"_self\">\n\t\t\t\t\t\t\t\t<img  src=\"https:\/\/rztrips.info\/wp-content\/uploads\/cache\/2025\/07\/PER-Arequipa-Monasterio-3206\/3084936895.jpg\" width=\"294\" height=\"196\" class=\"skip-lazy\" \/>\t\t\t\t\t\t\t\t\t\t\t\t\t\t\t\t<h3>\u041c\u0430\u043d\u0430\u0441\u0442\u0438\u0440\u0430 \u043d\u0430 \u0421\u0430\u043d\u0442\u0430 \u041a\u0430\u0442\u0430\u043b\u0438\u043d\u0430 \u0434\u0435 \u0421\u0438\u0435\u043d\u0430 (Monastery of Santa Catalina de Siena)\t\t\t\t\t\t\t\t\t<span>47 images<\/span>\n\t\t\t\t\t\t\t\t<\/h3>\n\t\t\t\t\t\t\t<\/a>\n\t\t\t\t\t\t<\/div>\n\t\t\t\t\t<\/div>\n\t\t\t\t<\/li>\n\t\t\t\t\t\t\t\t\t<li>\n\t\t\t\t\t<div class=\"foogallery-pile\">\n\t\t\t\t\t\t<div class=\"foogallery-pile-inner\">\n\t\t\t\t\t\t\t<a href=\"https:\/\/rztrips.info\/index.php\/photo-albums\/peru\/arequipa\/gallery\/arequipa-at-night\" target=\"_self\">\n\t\t\t\t\t\t\t\t<img  src=\"https:\/\/rztrips.info\/wp-content\/uploads\/cache\/2025\/07\/PER-Arequipa-Night-3320\/3190840701.jpg\" width=\"294\" height=\"196\" class=\"skip-lazy\" \/>\t\t\t\t\t\t\t\t\t\t\t\t\t\t\t\t<h3>\u041d\u043e\u0449\u043d\u0430 \u0410\u0440\u0435\u043a\u0438\u043f\u0430 (Arequipa at Night)\t\t\t\t\t\t\t\t\t<span>23 images<\/span>\n\t\t\t\t\t\t\t\t<\/h3>\n\t\t\t\t\t\t\t<\/a>\n\t\t\t\t\t\t<\/div>\n\t\t\t\t\t<\/div>\n\t\t\t\t<\/li>\n\t\t\t\t\t\t\t\t\t<li>\n\t\t\t\t\t<div class=\"foogallery-pile\">\n\t\t\t\t\t\t<div class=\"foogallery-pile-inner\">\n\t\t\t\t\t\t\t<a href=\"https:\/\/rztrips.info\/index.php\/photo-albums\/peru\/arequipa\/gallery\/basilica-cathedral-of-arequipa\" target=\"_self\">\n\t\t\t\t\t\t\t\t<img  src=\"https:\/\/rztrips.info\/wp-content\/uploads\/cache\/2025\/07\/PER-Arequipa-Cathedral-3197\/730197398.jpg\" width=\"294\" height=\"196\" class=\"skip-lazy\" \/>\t\t\t\t\t\t\t\t\t\t\t\t\t\t\t\t<h3>\u0411\u0430\u0437\u0438\u043b\u0438\u043a\u0430\u0442\u0430-\u043a\u0430\u0442\u0435\u0434\u0440\u0430\u043b\u0430 \u043d\u0430 \u0410\u0440\u0435\u043a\u0438\u043f\u0430 (Basilica Cathedral of Arequipa)\t\t\t\t\t\t\t\t\t<span>16 images<\/span>\n\t\t\t\t\t\t\t\t<\/h3>\n\t\t\t\t\t\t\t<\/a>\n\t\t\t\t\t\t<\/div>\n\t\t\t\t\t<\/div>\n\t\t\t\t<\/li>\n\t\t\t\t\t\t<\/ul>\n\t<div style=\"clear: both;\"><\/div>\n<\/div>\n\n<\/div>\n","protected":false},"excerpt":{"rendered":"<p>\u0410\u0440\u0435\u043a\u0438\u043f\u0430, \u041f\u0435\u0440\u0443 (Arequipa, Peru) \u041c\u0430\u0439 2025 (May 2025) \u041f\u043b\u043e\u0449\u0430\u0434 \u0438 \u043e\u0431\u0437\u043e\u0440\u043d\u0430 \u043f\u043b\u043e\u0449\u0430\u0434\u043a\u0430 &#8220;\u042f\u043d\u0430\u0445\u0443\u0430\u0440\u0430&#8221; (Plaza Yanahuara y Mirador de Yanahuara) \u0425\u0440\u0430\u043c \u043d\u0430 \u043e\u0431\u0449\u0435\u0441\u0442\u0432\u043e\u0442\u043e \u043d\u0430 \u0418\u0441\u0443\u0441 (Templo&#8230;<\/p>\n<p><a class='more-link' href='https:\/\/rztrips.info\/index.php\/photo-albums\/peru\/arequipa\/'>Continue reading <span class='screen-reader-text'>Photos: PER-Arequipa<\/span><\/a><\/p>","protected":false},"author":1,"featured_media":0,"parent":39403,"menu_order":2,"comment_status":"open","ping_status":"closed","template":"","meta":[],"_links":{"self":[{"href":"https:\/\/rztrips.info\/index.php\/wp-json\/wp\/v2\/pages\/39603"}],"collection":[{"href":"https:\/\/rztrips.info\/index.php\/wp-json\/wp\/v2\/pages"}],"about":[{"href":"https:\/\/rztrips.info\/index.php\/wp-json\/wp\/v2\/types\/page"}],"author":[{"embeddable":true,"href":"https:\/\/rztrips.info\/index.php\/wp-json\/wp\/v2\/users\/1"}],"replies":[{"embeddable":true,"href":"https:\/\/rztrips.info\/index.php\/wp-json\/wp\/v2\/comments?post=39603"}],"version-history":[{"count":4,"href":"https:\/\/rztrips.info\/index.php\/wp-json\/wp\/v2\/pages\/39603\/revisions"}],"predecessor-version":[{"id":39807,"href":"https:\/\/rztrips.info\/index.php\/wp-json\/wp\/v2\/pages\/39603\/revisions\/39807"}],"up":[{"embeddable":true,"href":"https:\/\/rztrips.info\/index.php\/wp-json\/wp\/v2\/pages\/39403"}],"wp:attachment":[{"href":"https:\/\/rztrips.info\/index.php\/wp-json\/wp\/v2\/media?parent=39603"}],"curies":[{"name":"wp","href":"https:\/\/api.w.org\/{rel}","templated":true}]}}